{"id":9790,"date":"2026-04-27T13:57:14","date_gmt":"2026-04-27T13:57:14","guid":{"rendered":""},"modified":"2026-04-27T13:57:14","modified_gmt":"2026-04-27T13:57:14","slug":"finalni-vyprodej-mexen-pluton-otopny-zebrik-radiator-1450-x-500-mm-712-w-cerna-w106-1450-500-00-70-9790","status":"publish","type":"product","link":"https:\/\/www.koupeltech.com\/index.php\/produkt\/finalni-vyprodej-mexen-pluton-otopny-zebrik-radiator-1450-x-500-mm-712-w-cerna-w106-1450-500-00-70-9790\/","title":{"rendered":"Fin\u00e1ln\u00ed V\u00fdprodej MEXEN &#8211; Pluton otopn\u00fd \u017eeb\u0159\u00edk\/radi\u00e1tor 1450 x 500 mm, 712 W, \u010dern\u00e1 W106-1450-500-00-70"},"content":{"rendered":"<div class=\"basic-description\">\n<h3>Detailn\u00ed popis produktu<\/h3>\n<p>Technick\u00e1 data:<\/p>\n<p>V\u00fd\u0161ka: 1450 mm<\/p>\n<p>\u0160\u00ed\u0159ka: 500 mm<\/p>\n<p>Hloubka: 40mm<\/p>\n<p>Rozte\u010d p\u0159ipojen\u00ed:<\/p>\n<p>&#8211; 46 cm (strana) nebo 5 cm (st\u0159ed)<\/p>\n<p>Barva: \u010dern\u00e1 RAL 9005<\/p>\n<p>Materi\u00e1l: ocel<\/p>\n<p>Hmotnost: 13 kg<\/p>\n<p>Reakce na ohe\u0148: A1<\/p>\n<p>Pracovn\u00ed teplota: max 95 \u00b0C<\/p>\n<p>Maxim\u00e1ln\u00ed pracovn\u00ed tlak: 0,6Mpa<\/p>\n<p>Topn\u00fd v\u00fdkon:<\/p>\n<p>&#8211; 75\/65\/20 \u00b0C &#8211; 712W<\/p>\n<p>Spojen\u00ed:<\/p>\n<p>&#8211; 2xG \u00bd\u2033 st\u0159ed<\/p>\n<p>&#8211; 4xG \u00bd\u2033 naho\u0159e a dole vpravo nebo vlevo<\/p>\n<p>Mo\u017enost instalace oh\u0159\u00edva\u010de<\/p>\n<p>Vysoce kvalitn\u00ed, odoln\u00fd n\u00e1t\u011br odoln\u00fd proti korozi<\/p>\n<p>Sada obsahuje: z\u00e1v\u011bsy, mont\u00e1\u017en\u00ed sadu, z\u00e1slepky a odvzdu\u0161\u0148ovac\u00ed ventil<\/p>\n<\/p><\/div>\n<div class=\"extended-description\">\n<h3>Dopl\u0148kov\u00e9 parametry<\/h3>\n<table class=\"detail-parameters\">\n<tbody>\n<tr>\n<th>        <span class=\"row-header-label\">            Kategorie<span class=\"row-header-label-colon\">:<\/span>        <\/span>    <\/th>\n<td>            <\/td>\n<\/tr>\n<tr>\n<th>            <span class=\"row-header-label\">                Z\u00e1ruka<span class=\"row-header-label-colon\">:<\/span>            <\/span>        <\/th>\n<td>            2 roky        <\/td>\n<\/tr>\n<tr>\n<th>            <span class=\"row-header-label\">                Hmotnost<span class=\"row-header-label-colon\">:<\/span>            <\/span>        <\/th>\n<td>            15 kg        <\/td>\n<\/tr>\n<tr class=\"productEan\">\n<th>          <span class=\"row-header-label productEan__label\">              EAN<span class=\"row-header-label-colon\">:<\/span>          <\/span>      <\/th>\n<td>          <span class=\"productEan__value\">5905315051066<\/span>      <\/td>\n<\/tr>\n<tr>\n<th>                <span class=\"row-header-label\">                                            Dostupnost<span class=\"row-header-label-colon\">:<\/span>                                    <\/span>            <\/th>\n<td>                                                            Dod\u00e1n\u00ed do 14ti dn\u016f                                                <\/td>\n<\/tr>\n<\/tbody>\n<\/table><\/div>\n<\/p><\/div>\n<\/p><\/div>\n","protected":false},"excerpt":{"rendered":"<p>Detailn\u00ed popis produktu Technick\u00e1 data: V\u00fd\u0161ka: 1450 mm \u0160\u00ed\u0159ka: 500 mm Hloubka: 40mm Rozte\u010d p\u0159ipojen\u00ed: &#8211; 46 cm (strana) nebo 5 cm (st\u0159ed) Barva: \u010dern\u00e1 RAL 9005 Materi\u00e1l: ocel Hmotnost: 13 kg Reakce na ohe\u0148: A1 Pracovn\u00ed teplota: max 95 \u00b0C Maxim\u00e1ln\u00ed pracovn\u00ed tlak: 0,6Mpa Topn\u00fd v\u00fdkon: &#8211; 75\/65\/20 \u00b0C &#8211; 712W Spojen\u00ed: &#8211; 2xG [&hellip;]<\/p>\n","protected":false},"featured_media":9890,"comment_status":"open","ping_status":"open","template":"","meta":[],"product_brand":[],"product_cat":[65],"product_tag":[],"class_list":{"0":"post-9790","1":"product","2":"type-product","3":"status-publish","4":"has-post-thumbnail","6":"product_cat-koupelnove-radiatory","8":"first","9":"instock","10":"sale","11":"shipping-taxable","12":"purchasable","13":"product-type-simple"},"yoast_head":"<!-- This site is optimized with the Yoast SEO plugin v26.8 - https:\/\/yoast.com\/product\/yoast-seo-wordpress\/ -->\n<title>Fin\u00e1ln\u00ed V\u00fdprodej MEXEN - Pluton otopn\u00fd \u017eeb\u0159\u00edk\/radi\u00e1tor 1450 x 500 mm, 712 W, \u010dern\u00e1 W106-1450-500-00-70 -<\/title>\n<meta name=\"robots\" content=\"index, follow, max-snippet:-1, max-image-preview:large, max-video-preview:-1\" \/>\n<link rel=\"canonical\" href=\"https:\/\/www.koupeltech.com\/index.php\/produkt\/finalni-vyprodej-mexen-pluton-otopny-zebrik-radiator-1450-x-500-mm-712-w-cerna-w106-1450-500-00-70-9790\/\" \/>\n<meta property=\"og:locale\" content=\"cs_CZ\" \/>\n<meta property=\"og:type\" content=\"article\" \/>\n<meta property=\"og:title\" content=\"Fin\u00e1ln\u00ed V\u00fdprodej MEXEN - Pluton otopn\u00fd \u017eeb\u0159\u00edk\/radi\u00e1tor 1450 x 500 mm, 712 W, \u010dern\u00e1 W106-1450-500-00-70 -\" \/>\n<meta property=\"og:description\" content=\"Detailn\u00ed popis produktu Technick\u00e1 data: V\u00fd\u0161ka: 1450 mm \u0160\u00ed\u0159ka: 500 mm Hloubka: 40mm Rozte\u010d p\u0159ipojen\u00ed: &#8211; 46 cm (strana) nebo 5 cm (st\u0159ed) Barva: \u010dern\u00e1 RAL 9005 Materi\u00e1l: ocel Hmotnost: 13 kg Reakce na ohe\u0148: A1 Pracovn\u00ed teplota: max 95 \u00b0C Maxim\u00e1ln\u00ed pracovn\u00ed tlak: 0,6Mpa Topn\u00fd v\u00fdkon: &#8211; 75\/65\/20 \u00b0C &#8211; 712W Spojen\u00ed: &#8211; 2xG [&hellip;]\" \/>\n<meta property=\"og:url\" content=\"https:\/\/www.koupeltech.com\/index.php\/produkt\/finalni-vyprodej-mexen-pluton-otopny-zebrik-radiator-1450-x-500-mm-712-w-cerna-w106-1450-500-00-70-9790\/\" \/>\n<meta property=\"og:image\" content=\"https:\/\/www.koupeltech.com\/wp-content\/uploads\/2026\/SK0023957-CZ20260425-092556-0-1777080363-1807321_mexen-pluton-otopny-zebrik-radiator-1450-x-500-mm--.webp\" \/>\n\t<meta property=\"og:image:width\" content=\"1000\" \/>\n\t<meta property=\"og:image:height\" content=\"750\" \/>\n\t<meta property=\"og:image:type\" content=\"image\/webp\" \/>\n<meta name=\"twitter:card\" content=\"summary_large_image\" \/>\n<script type=\"application\/ld+json\" class=\"yoast-schema-graph\">{\"@context\":\"https:\/\/schema.org\",\"@graph\":[{\"@type\":\"WebPage\",\"@id\":\"https:\/\/www.koupeltech.com\/index.php\/produkt\/finalni-vyprodej-mexen-pluton-otopny-zebrik-radiator-1450-x-500-mm-712-w-cerna-w106-1450-500-00-70-9790\/\",\"url\":\"https:\/\/www.koupeltech.com\/index.php\/produkt\/finalni-vyprodej-mexen-pluton-otopny-zebrik-radiator-1450-x-500-mm-712-w-cerna-w106-1450-500-00-70-9790\/\",\"name\":\"Fin\u00e1ln\u00ed V\u00fdprodej MEXEN - Pluton otopn\u00fd \u017eeb\u0159\u00edk\/radi\u00e1tor 1450 x 500 mm, 712 W, \u010dern\u00e1 W106-1450-500-00-70 -\",\"isPartOf\":{\"@id\":\"https:\/\/www.koupeltech.com\/#website\"},\"primaryImageOfPage\":{\"@id\":\"https:\/\/www.koupeltech.com\/index.php\/produkt\/finalni-vyprodej-mexen-pluton-otopny-zebrik-radiator-1450-x-500-mm-712-w-cerna-w106-1450-500-00-70-9790\/#primaryimage\"},\"image\":{\"@id\":\"https:\/\/www.koupeltech.com\/index.php\/produkt\/finalni-vyprodej-mexen-pluton-otopny-zebrik-radiator-1450-x-500-mm-712-w-cerna-w106-1450-500-00-70-9790\/#primaryimage\"},\"thumbnailUrl\":\"https:\/\/www.koupeltech.com\/wp-content\/uploads\/2026\/SK0023957-CZ20260425-092556-0-1777080363-1807321_mexen-pluton-otopny-zebrik-radiator-1450-x-500-mm--.webp\",\"datePublished\":\"2026-04-27T13:57:14+00:00\",\"breadcrumb\":{\"@id\":\"https:\/\/www.koupeltech.com\/index.php\/produkt\/finalni-vyprodej-mexen-pluton-otopny-zebrik-radiator-1450-x-500-mm-712-w-cerna-w106-1450-500-00-70-9790\/#breadcrumb\"},\"inLanguage\":\"cs\",\"potentialAction\":[{\"@type\":\"ReadAction\",\"target\":[\"https:\/\/www.koupeltech.com\/index.php\/produkt\/finalni-vyprodej-mexen-pluton-otopny-zebrik-radiator-1450-x-500-mm-712-w-cerna-w106-1450-500-00-70-9790\/\"]}]},{\"@type\":\"ImageObject\",\"inLanguage\":\"cs\",\"@id\":\"https:\/\/www.koupeltech.com\/index.php\/produkt\/finalni-vyprodej-mexen-pluton-otopny-zebrik-radiator-1450-x-500-mm-712-w-cerna-w106-1450-500-00-70-9790\/#primaryimage\",\"url\":\"https:\/\/www.koupeltech.com\/wp-content\/uploads\/2026\/SK0023957-CZ20260425-092556-0-1777080363-1807321_mexen-pluton-otopny-zebrik-radiator-1450-x-500-mm--.webp\",\"contentUrl\":\"https:\/\/www.koupeltech.com\/wp-content\/uploads\/2026\/SK0023957-CZ20260425-092556-0-1777080363-1807321_mexen-pluton-otopny-zebrik-radiator-1450-x-500-mm--.webp\",\"width\":1000,\"height\":750},{\"@type\":\"BreadcrumbList\",\"@id\":\"https:\/\/www.koupeltech.com\/index.php\/produkt\/finalni-vyprodej-mexen-pluton-otopny-zebrik-radiator-1450-x-500-mm-712-w-cerna-w106-1450-500-00-70-9790\/#breadcrumb\",\"itemListElement\":[{\"@type\":\"ListItem\",\"position\":1,\"name\":\"Home\",\"item\":\"https:\/\/www.koupeltech.com\/\"},{\"@type\":\"ListItem\",\"position\":2,\"name\":\"Products\",\"item\":\"https:\/\/www.koupeltech.com\/index.php\/products\/\"},{\"@type\":\"ListItem\",\"position\":3,\"name\":\"Fin\u00e1ln\u00ed V\u00fdprodej MEXEN &#8211; Pluton otopn\u00fd \u017eeb\u0159\u00edk\/radi\u00e1tor 1450 x 500 mm, 712 W, \u010dern\u00e1 W106-1450-500-00-70\"}]},{\"@type\":\"WebSite\",\"@id\":\"https:\/\/www.koupeltech.com\/#website\",\"url\":\"https:\/\/www.koupeltech.com\/\",\"name\":\"\",\"description\":\"\",\"potentialAction\":[{\"@type\":\"SearchAction\",\"target\":{\"@type\":\"EntryPoint\",\"urlTemplate\":\"https:\/\/www.koupeltech.com\/?s={search_term_string}\"},\"query-input\":{\"@type\":\"PropertyValueSpecification\",\"valueRequired\":true,\"valueName\":\"search_term_string\"}}],\"inLanguage\":\"cs\"}]}<\/script>\n<!-- \/ Yoast SEO plugin. -->","yoast_head_json":{"title":"Fin\u00e1ln\u00ed V\u00fdprodej MEXEN - Pluton otopn\u00fd \u017eeb\u0159\u00edk\/radi\u00e1tor 1450 x 500 mm, 712 W, \u010dern\u00e1 W106-1450-500-00-70 -","robots":{"index":"index","follow":"follow","max-snippet":"max-snippet:-1","max-image-preview":"max-image-preview:large","max-video-preview":"max-video-preview:-1"},"canonical":"https:\/\/www.koupeltech.com\/index.php\/produkt\/finalni-vyprodej-mexen-pluton-otopny-zebrik-radiator-1450-x-500-mm-712-w-cerna-w106-1450-500-00-70-9790\/","og_locale":"cs_CZ","og_type":"article","og_title":"Fin\u00e1ln\u00ed V\u00fdprodej MEXEN - Pluton otopn\u00fd \u017eeb\u0159\u00edk\/radi\u00e1tor 1450 x 500 mm, 712 W, \u010dern\u00e1 W106-1450-500-00-70 -","og_description":"Detailn\u00ed popis produktu Technick\u00e1 data: V\u00fd\u0161ka: 1450 mm \u0160\u00ed\u0159ka: 500 mm Hloubka: 40mm Rozte\u010d p\u0159ipojen\u00ed: &#8211; 46 cm (strana) nebo 5 cm (st\u0159ed) Barva: \u010dern\u00e1 RAL 9005 Materi\u00e1l: ocel Hmotnost: 13 kg Reakce na ohe\u0148: A1 Pracovn\u00ed teplota: max 95 \u00b0C Maxim\u00e1ln\u00ed pracovn\u00ed tlak: 0,6Mpa Topn\u00fd v\u00fdkon: &#8211; 75\/65\/20 \u00b0C &#8211; 712W Spojen\u00ed: &#8211; 2xG [&hellip;]","og_url":"https:\/\/www.koupeltech.com\/index.php\/produkt\/finalni-vyprodej-mexen-pluton-otopny-zebrik-radiator-1450-x-500-mm-712-w-cerna-w106-1450-500-00-70-9790\/","og_image":[{"width":1000,"height":750,"url":"https:\/\/www.koupeltech.com\/wp-content\/uploads\/2026\/SK0023957-CZ20260425-092556-0-1777080363-1807321_mexen-pluton-otopny-zebrik-radiator-1450-x-500-mm--.webp","type":"image\/webp"}],"twitter_card":"summary_large_image","schema":{"@context":"https:\/\/schema.org","@graph":[{"@type":"WebPage","@id":"https:\/\/www.koupeltech.com\/index.php\/produkt\/finalni-vyprodej-mexen-pluton-otopny-zebrik-radiator-1450-x-500-mm-712-w-cerna-w106-1450-500-00-70-9790\/","url":"https:\/\/www.koupeltech.com\/index.php\/produkt\/finalni-vyprodej-mexen-pluton-otopny-zebrik-radiator-1450-x-500-mm-712-w-cerna-w106-1450-500-00-70-9790\/","name":"Fin\u00e1ln\u00ed V\u00fdprodej MEXEN - Pluton otopn\u00fd \u017eeb\u0159\u00edk\/radi\u00e1tor 1450 x 500 mm, 712 W, \u010dern\u00e1 W106-1450-500-00-70 -","isPartOf":{"@id":"https:\/\/www.koupeltech.com\/#website"},"primaryImageOfPage":{"@id":"https:\/\/www.koupeltech.com\/index.php\/produkt\/finalni-vyprodej-mexen-pluton-otopny-zebrik-radiator-1450-x-500-mm-712-w-cerna-w106-1450-500-00-70-9790\/#primaryimage"},"image":{"@id":"https:\/\/www.koupeltech.com\/index.php\/produkt\/finalni-vyprodej-mexen-pluton-otopny-zebrik-radiator-1450-x-500-mm-712-w-cerna-w106-1450-500-00-70-9790\/#primaryimage"},"thumbnailUrl":"https:\/\/www.koupeltech.com\/wp-content\/uploads\/2026\/SK0023957-CZ20260425-092556-0-1777080363-1807321_mexen-pluton-otopny-zebrik-radiator-1450-x-500-mm--.webp","datePublished":"2026-04-27T13:57:14+00:00","breadcrumb":{"@id":"https:\/\/www.koupeltech.com\/index.php\/produkt\/finalni-vyprodej-mexen-pluton-otopny-zebrik-radiator-1450-x-500-mm-712-w-cerna-w106-1450-500-00-70-9790\/#breadcrumb"},"inLanguage":"cs","potentialAction":[{"@type":"ReadAction","target":["https:\/\/www.koupeltech.com\/index.php\/produkt\/finalni-vyprodej-mexen-pluton-otopny-zebrik-radiator-1450-x-500-mm-712-w-cerna-w106-1450-500-00-70-9790\/"]}]},{"@type":"ImageObject","inLanguage":"cs","@id":"https:\/\/www.koupeltech.com\/index.php\/produkt\/finalni-vyprodej-mexen-pluton-otopny-zebrik-radiator-1450-x-500-mm-712-w-cerna-w106-1450-500-00-70-9790\/#primaryimage","url":"https:\/\/www.koupeltech.com\/wp-content\/uploads\/2026\/SK0023957-CZ20260425-092556-0-1777080363-1807321_mexen-pluton-otopny-zebrik-radiator-1450-x-500-mm--.webp","contentUrl":"https:\/\/www.koupeltech.com\/wp-content\/uploads\/2026\/SK0023957-CZ20260425-092556-0-1777080363-1807321_mexen-pluton-otopny-zebrik-radiator-1450-x-500-mm--.webp","width":1000,"height":750},{"@type":"BreadcrumbList","@id":"https:\/\/www.koupeltech.com\/index.php\/produkt\/finalni-vyprodej-mexen-pluton-otopny-zebrik-radiator-1450-x-500-mm-712-w-cerna-w106-1450-500-00-70-9790\/#breadcrumb","itemListElement":[{"@type":"ListItem","position":1,"name":"Home","item":"https:\/\/www.koupeltech.com\/"},{"@type":"ListItem","position":2,"name":"Products","item":"https:\/\/www.koupeltech.com\/index.php\/products\/"},{"@type":"ListItem","position":3,"name":"Fin\u00e1ln\u00ed V\u00fdprodej MEXEN &#8211; Pluton otopn\u00fd \u017eeb\u0159\u00edk\/radi\u00e1tor 1450 x 500 mm, 712 W, \u010dern\u00e1 W106-1450-500-00-70"}]},{"@type":"WebSite","@id":"https:\/\/www.koupeltech.com\/#website","url":"https:\/\/www.koupeltech.com\/","name":"","description":"","potentialAction":[{"@type":"SearchAction","target":{"@type":"EntryPoint","urlTemplate":"https:\/\/www.koupeltech.com\/?s={search_term_string}"},"query-input":{"@type":"PropertyValueSpecification","valueRequired":true,"valueName":"search_term_string"}}],"inLanguage":"cs"}]}},"_links":{"self":[{"href":"https:\/\/www.koupeltech.com\/index.php\/wp-json\/wp\/v2\/product\/9790","targetHints":{"allow":["GET"]}}],"collection":[{"href":"https:\/\/www.koupeltech.com\/index.php\/wp-json\/wp\/v2\/product"}],"about":[{"href":"https:\/\/www.koupeltech.com\/index.php\/wp-json\/wp\/v2\/types\/product"}],"replies":[{"embeddable":true,"href":"https:\/\/www.koupeltech.com\/index.php\/wp-json\/wp\/v2\/comments?post=9790"}],"wp:featuredmedia":[{"embeddable":true,"href":"https:\/\/www.koupeltech.com\/index.php\/wp-json\/wp\/v2\/media\/9890"}],"wp:attachment":[{"href":"https:\/\/www.koupeltech.com\/index.php\/wp-json\/wp\/v2\/media?parent=9790"}],"wp:term":[{"taxonomy":"product_brand","embeddable":true,"href":"https:\/\/www.koupeltech.com\/index.php\/wp-json\/wp\/v2\/product_brand?post=9790"},{"taxonomy":"product_cat","embeddable":true,"href":"https:\/\/www.koupeltech.com\/index.php\/wp-json\/wp\/v2\/product_cat?post=9790"},{"taxonomy":"product_tag","embeddable":true,"href":"https:\/\/www.koupeltech.com\/index.php\/wp-json\/wp\/v2\/product_tag?post=9790"}],"curies":[{"name":"wp","href":"https:\/\/api.w.org\/{rel}","templated":true}]}}