{"id":9921,"date":"2026-04-27T13:57:16","date_gmt":"2026-04-27T13:57:16","guid":{"rendered":""},"modified":"2026-04-27T13:57:16","modified_gmt":"2026-04-27T13:57:16","slug":"cenovy-hit-mexen-s-mars-radiator-topna-tyc-900-x-600-mm-400-w-bila-w110-0900-600-6400-20-9921","status":"publish","type":"product","link":"https:\/\/www.koupeltech.com\/index.php\/produkt\/cenovy-hit-mexen-s-mars-radiator-topna-tyc-900-x-600-mm-400-w-bila-w110-0900-600-6400-20-9921\/","title":{"rendered":"Cenov\u00fd Hit MEXEN\/S &#8211; Mars radi\u00e1tor + topn\u00e1 ty\u010d 900 x 600 mm, 400 W, b\u00edl\u00e1 W110-0900-600-6400-20"},"content":{"rendered":"<div class=\"basic-description\">\n<h3>Detailn\u00ed popis produktu<\/h3>\n<p>Technick\u00e1 data:<\/p>\n<p> V\u00fd\u0161ka: 900 mm<\/p>\n<p> \u0160\u00ed\u0159ka: 600 mm<\/p>\n<p> Hloubka: 30 mm<\/p>\n<p> b\u00edl\u00e1 barva<\/p>\n<p> Materi\u00e1l: ocel<\/p>\n<p> Topn\u00fd v\u00fdkon: 400W<\/p>\n<p> Po\u010det topn\u00fdch ty\u010d\u00ed: 17<\/p>\n<p> Celkov\u00e1 d\u00e9lka oh\u0159\u00edva\u010de: 479 mm<\/p>\n<p> D\u00e9lka topn\u00e9ho t\u011blesa: 390 mm<\/p>\n<p> D\u00e9lka nap\u00e1jec\u00edho kabelu: 1,5m<\/p>\n<p> Provozn\u00ed nap\u011bt\u00ed: 230V\/50Hz<\/p>\n<p> Stupe\u0148 kryt\u00ed: IP44<\/p>\n<p> Ovl\u00e1d\u00e1n\u00ed pomoc\u00ed knofl\u00edku s LED displejem<\/p>\n<p> Dodate\u010dn\u00e1 ochrana proti chodu na sucho<\/p>\n<p> Vestav\u011bn\u00fd termostat udr\u017euje po\u017eadovanou teplotu radi\u00e1toru<\/p>\n<p> Vysoce kvalitn\u00ed, odoln\u00fd n\u00e1t\u011br odoln\u00fd proti korozi<\/p>\n<p> Pro spr\u00e1vnou funkci mus\u00ed b\u00fdt radi\u00e1tor napln\u011bn vodou nebo sm\u011bs\u00ed vody, nap\u0159. s glykolem<\/p>\n<p> Sada obsahuje: z\u00e1v\u011bsy, mont\u00e1\u017en\u00ed sadu a z\u00e1slepky<\/p>\n<p> Funkce radi\u00e1toru:<\/p>\n<p> &#8211; Sensitive umo\u017e\u0148uje nastavit teplotu s p\u0159esnost\u00ed na 5 stup\u0148\u016f v rozsahu 30\u00b0C-70\u00b0C<\/p>\n<p> &#8211; Comfort m\u00e1 mo\u017enost su\u0161en\u00ed, kter\u00e1 umo\u017e\u0148uje nastavit teplotu oh\u0159evu na zvolen\u00e9 hodinov\u00e9 stupnici<\/p>\n<p> &#8211; ECO \u00faspora energie d\u00edky mo\u017enosti nastaven\u00ed konstantn\u00ed teploty a\u017e do 50\u00b0C<\/p>\n<\/p><\/div>\n<div class=\"extended-description\">\n<h3>Dopl\u0148kov\u00e9 parametry<\/h3>\n<table class=\"detail-parameters\">\n<tbody>\n<tr>\n<th>        <span class=\"row-header-label\">            Kategorie<span class=\"row-header-label-colon\">:<\/span>        <\/span>    <\/th>\n<td>            <\/td>\n<\/tr>\n<tr>\n<th>            <span class=\"row-header-label\">                Z\u00e1ruka<span class=\"row-header-label-colon\">:<\/span>            <\/span>        <\/th>\n<td>            2 roky        <\/td>\n<\/tr>\n<tr>\n<th>            <span class=\"row-header-label\">                Hmotnost<span class=\"row-header-label-colon\">:<\/span>            <\/span>        <\/th>\n<td>            15 kg        <\/td>\n<\/tr>\n<tr class=\"productEan\">\n<th>          <span class=\"row-header-label productEan__label\">              EAN<span class=\"row-header-label-colon\">:<\/span>          <\/span>      <\/th>\n<td>          <span class=\"productEan__value\">5905315239105<\/span>      <\/td>\n<\/tr>\n<tr>\n<th>                <span class=\"row-header-label\">                                            Dostupnost<span class=\"row-header-label-colon\">:<\/span>                                    <\/span>            <\/th>\n<td>                                                            Dod\u00e1n\u00ed do 14ti dn\u016f                                                <\/td>\n<\/tr>\n<\/tbody>\n<\/table><\/div>\n<\/p><\/div>\n<\/p><\/div>\n","protected":false},"excerpt":{"rendered":"<p>Detailn\u00ed popis produktu Technick\u00e1 data: V\u00fd\u0161ka: 900 mm \u0160\u00ed\u0159ka: 600 mm Hloubka: 30 mm b\u00edl\u00e1 barva Materi\u00e1l: ocel Topn\u00fd v\u00fdkon: 400W Po\u010det topn\u00fdch ty\u010d\u00ed: 17 Celkov\u00e1 d\u00e9lka oh\u0159\u00edva\u010de: 479 mm D\u00e9lka topn\u00e9ho t\u011blesa: 390 mm D\u00e9lka nap\u00e1jec\u00edho kabelu: 1,5m Provozn\u00ed nap\u011bt\u00ed: 230V\/50Hz Stupe\u0148 kryt\u00ed: IP44 Ovl\u00e1d\u00e1n\u00ed pomoc\u00ed knofl\u00edku s LED displejem Dodate\u010dn\u00e1 ochrana proti chodu [&hellip;]<\/p>\n","protected":false},"featured_media":10021,"comment_status":"open","ping_status":"open","template":"","meta":[],"product_brand":[],"product_cat":[65],"product_tag":[],"class_list":{"0":"post-9921","1":"product","2":"type-product","3":"status-publish","4":"has-post-thumbnail","6":"product_cat-koupelnove-radiatory","8":"first","9":"instock","10":"sale","11":"shipping-taxable","12":"purchasable","13":"product-type-simple"},"yoast_head":"<!-- This site is optimized with the Yoast SEO plugin v26.8 - https:\/\/yoast.com\/product\/yoast-seo-wordpress\/ -->\n<title>Cenov\u00fd Hit MEXEN\/S - Mars radi\u00e1tor + topn\u00e1 ty\u010d 900 x 600 mm, 400 W, b\u00edl\u00e1 W110-0900-600-6400-20 -<\/title>\n<meta name=\"robots\" content=\"index, follow, max-snippet:-1, max-image-preview:large, max-video-preview:-1\" \/>\n<link rel=\"canonical\" href=\"https:\/\/www.koupeltech.com\/index.php\/produkt\/cenovy-hit-mexen-s-mars-radiator-topna-tyc-900-x-600-mm-400-w-bila-w110-0900-600-6400-20-9921\/\" \/>\n<meta property=\"og:locale\" content=\"cs_CZ\" \/>\n<meta property=\"og:type\" content=\"article\" \/>\n<meta property=\"og:title\" content=\"Cenov\u00fd Hit MEXEN\/S - Mars radi\u00e1tor + topn\u00e1 ty\u010d 900 x 600 mm, 400 W, b\u00edl\u00e1 W110-0900-600-6400-20 -\" \/>\n<meta property=\"og:description\" content=\"Detailn\u00ed popis produktu Technick\u00e1 data: V\u00fd\u0161ka: 900 mm \u0160\u00ed\u0159ka: 600 mm Hloubka: 30 mm b\u00edl\u00e1 barva Materi\u00e1l: ocel Topn\u00fd v\u00fdkon: 400W Po\u010det topn\u00fdch ty\u010d\u00ed: 17 Celkov\u00e1 d\u00e9lka oh\u0159\u00edva\u010de: 479 mm D\u00e9lka topn\u00e9ho t\u011blesa: 390 mm D\u00e9lka nap\u00e1jec\u00edho kabelu: 1,5m Provozn\u00ed nap\u011bt\u00ed: 230V\/50Hz Stupe\u0148 kryt\u00ed: IP44 Ovl\u00e1d\u00e1n\u00ed pomoc\u00ed knofl\u00edku s LED displejem Dodate\u010dn\u00e1 ochrana proti chodu [&hellip;]\" \/>\n<meta property=\"og:url\" content=\"https:\/\/www.koupeltech.com\/index.php\/produkt\/cenovy-hit-mexen-s-mars-radiator-topna-tyc-900-x-600-mm-400-w-bila-w110-0900-600-6400-20-9921\/\" \/>\n<meta property=\"og:image\" content=\"https:\/\/www.koupeltech.com\/wp-content\/uploads\/2026\/SK0023992-CZ20260425-092556-0-1777080363-1809499-2_mexen-s-mars-radiator-topna-tyc-900-x-600-mm--400.webp\" \/>\n\t<meta property=\"og:image:width\" content=\"1000\" \/>\n\t<meta property=\"og:image:height\" content=\"750\" \/>\n\t<meta property=\"og:image:type\" content=\"image\/webp\" \/>\n<meta name=\"twitter:card\" content=\"summary_large_image\" \/>\n<meta name=\"twitter:label1\" content=\"Odhadovan\u00e1 doba \u010dten\u00ed\" \/>\n\t<meta name=\"twitter:data1\" content=\"1 minuta\" \/>\n<script type=\"application\/ld+json\" class=\"yoast-schema-graph\">{\"@context\":\"https:\/\/schema.org\",\"@graph\":[{\"@type\":\"WebPage\",\"@id\":\"https:\/\/www.koupeltech.com\/index.php\/produkt\/cenovy-hit-mexen-s-mars-radiator-topna-tyc-900-x-600-mm-400-w-bila-w110-0900-600-6400-20-9921\/\",\"url\":\"https:\/\/www.koupeltech.com\/index.php\/produkt\/cenovy-hit-mexen-s-mars-radiator-topna-tyc-900-x-600-mm-400-w-bila-w110-0900-600-6400-20-9921\/\",\"name\":\"Cenov\u00fd Hit MEXEN\/S - Mars radi\u00e1tor + topn\u00e1 ty\u010d 900 x 600 mm, 400 W, b\u00edl\u00e1 W110-0900-600-6400-20 -\",\"isPartOf\":{\"@id\":\"https:\/\/www.koupeltech.com\/#website\"},\"primaryImageOfPage\":{\"@id\":\"https:\/\/www.koupeltech.com\/index.php\/produkt\/cenovy-hit-mexen-s-mars-radiator-topna-tyc-900-x-600-mm-400-w-bila-w110-0900-600-6400-20-9921\/#primaryimage\"},\"image\":{\"@id\":\"https:\/\/www.koupeltech.com\/index.php\/produkt\/cenovy-hit-mexen-s-mars-radiator-topna-tyc-900-x-600-mm-400-w-bila-w110-0900-600-6400-20-9921\/#primaryimage\"},\"thumbnailUrl\":\"https:\/\/www.koupeltech.com\/wp-content\/uploads\/2026\/SK0023992-CZ20260425-092556-0-1777080363-1809499-2_mexen-s-mars-radiator-topna-tyc-900-x-600-mm--400.webp\",\"datePublished\":\"2026-04-27T13:57:16+00:00\",\"breadcrumb\":{\"@id\":\"https:\/\/www.koupeltech.com\/index.php\/produkt\/cenovy-hit-mexen-s-mars-radiator-topna-tyc-900-x-600-mm-400-w-bila-w110-0900-600-6400-20-9921\/#breadcrumb\"},\"inLanguage\":\"cs\",\"potentialAction\":[{\"@type\":\"ReadAction\",\"target\":[\"https:\/\/www.koupeltech.com\/index.php\/produkt\/cenovy-hit-mexen-s-mars-radiator-topna-tyc-900-x-600-mm-400-w-bila-w110-0900-600-6400-20-9921\/\"]}]},{\"@type\":\"ImageObject\",\"inLanguage\":\"cs\",\"@id\":\"https:\/\/www.koupeltech.com\/index.php\/produkt\/cenovy-hit-mexen-s-mars-radiator-topna-tyc-900-x-600-mm-400-w-bila-w110-0900-600-6400-20-9921\/#primaryimage\",\"url\":\"https:\/\/www.koupeltech.com\/wp-content\/uploads\/2026\/SK0023992-CZ20260425-092556-0-1777080363-1809499-2_mexen-s-mars-radiator-topna-tyc-900-x-600-mm--400.webp\",\"contentUrl\":\"https:\/\/www.koupeltech.com\/wp-content\/uploads\/2026\/SK0023992-CZ20260425-092556-0-1777080363-1809499-2_mexen-s-mars-radiator-topna-tyc-900-x-600-mm--400.webp\",\"width\":1000,\"height\":750},{\"@type\":\"BreadcrumbList\",\"@id\":\"https:\/\/www.koupeltech.com\/index.php\/produkt\/cenovy-hit-mexen-s-mars-radiator-topna-tyc-900-x-600-mm-400-w-bila-w110-0900-600-6400-20-9921\/#breadcrumb\",\"itemListElement\":[{\"@type\":\"ListItem\",\"position\":1,\"name\":\"Home\",\"item\":\"https:\/\/www.koupeltech.com\/\"},{\"@type\":\"ListItem\",\"position\":2,\"name\":\"Products\",\"item\":\"https:\/\/www.koupeltech.com\/index.php\/products\/\"},{\"@type\":\"ListItem\",\"position\":3,\"name\":\"Cenov\u00fd Hit MEXEN\/S &#8211; Mars radi\u00e1tor + topn\u00e1 ty\u010d 900 x 600 mm, 400 W, b\u00edl\u00e1 W110-0900-600-6400-20\"}]},{\"@type\":\"WebSite\",\"@id\":\"https:\/\/www.koupeltech.com\/#website\",\"url\":\"https:\/\/www.koupeltech.com\/\",\"name\":\"\",\"description\":\"\",\"potentialAction\":[{\"@type\":\"SearchAction\",\"target\":{\"@type\":\"EntryPoint\",\"urlTemplate\":\"https:\/\/www.koupeltech.com\/?s={search_term_string}\"},\"query-input\":{\"@type\":\"PropertyValueSpecification\",\"valueRequired\":true,\"valueName\":\"search_term_string\"}}],\"inLanguage\":\"cs\"}]}<\/script>\n<!-- \/ Yoast SEO plugin. -->","yoast_head_json":{"title":"Cenov\u00fd Hit MEXEN\/S - Mars radi\u00e1tor + topn\u00e1 ty\u010d 900 x 600 mm, 400 W, b\u00edl\u00e1 W110-0900-600-6400-20 -","robots":{"index":"index","follow":"follow","max-snippet":"max-snippet:-1","max-image-preview":"max-image-preview:large","max-video-preview":"max-video-preview:-1"},"canonical":"https:\/\/www.koupeltech.com\/index.php\/produkt\/cenovy-hit-mexen-s-mars-radiator-topna-tyc-900-x-600-mm-400-w-bila-w110-0900-600-6400-20-9921\/","og_locale":"cs_CZ","og_type":"article","og_title":"Cenov\u00fd Hit MEXEN\/S - Mars radi\u00e1tor + topn\u00e1 ty\u010d 900 x 600 mm, 400 W, b\u00edl\u00e1 W110-0900-600-6400-20 -","og_description":"Detailn\u00ed popis produktu Technick\u00e1 data: V\u00fd\u0161ka: 900 mm \u0160\u00ed\u0159ka: 600 mm Hloubka: 30 mm b\u00edl\u00e1 barva Materi\u00e1l: ocel Topn\u00fd v\u00fdkon: 400W Po\u010det topn\u00fdch ty\u010d\u00ed: 17 Celkov\u00e1 d\u00e9lka oh\u0159\u00edva\u010de: 479 mm D\u00e9lka topn\u00e9ho t\u011blesa: 390 mm D\u00e9lka nap\u00e1jec\u00edho kabelu: 1,5m Provozn\u00ed nap\u011bt\u00ed: 230V\/50Hz Stupe\u0148 kryt\u00ed: IP44 Ovl\u00e1d\u00e1n\u00ed pomoc\u00ed knofl\u00edku s LED displejem Dodate\u010dn\u00e1 ochrana proti chodu [&hellip;]","og_url":"https:\/\/www.koupeltech.com\/index.php\/produkt\/cenovy-hit-mexen-s-mars-radiator-topna-tyc-900-x-600-mm-400-w-bila-w110-0900-600-6400-20-9921\/","og_image":[{"width":1000,"height":750,"url":"https:\/\/www.koupeltech.com\/wp-content\/uploads\/2026\/SK0023992-CZ20260425-092556-0-1777080363-1809499-2_mexen-s-mars-radiator-topna-tyc-900-x-600-mm--400.webp","type":"image\/webp"}],"twitter_card":"summary_large_image","twitter_misc":{"Odhadovan\u00e1 doba \u010dten\u00ed":"1 minuta"},"schema":{"@context":"https:\/\/schema.org","@graph":[{"@type":"WebPage","@id":"https:\/\/www.koupeltech.com\/index.php\/produkt\/cenovy-hit-mexen-s-mars-radiator-topna-tyc-900-x-600-mm-400-w-bila-w110-0900-600-6400-20-9921\/","url":"https:\/\/www.koupeltech.com\/index.php\/produkt\/cenovy-hit-mexen-s-mars-radiator-topna-tyc-900-x-600-mm-400-w-bila-w110-0900-600-6400-20-9921\/","name":"Cenov\u00fd Hit MEXEN\/S - Mars radi\u00e1tor + topn\u00e1 ty\u010d 900 x 600 mm, 400 W, b\u00edl\u00e1 W110-0900-600-6400-20 -","isPartOf":{"@id":"https:\/\/www.koupeltech.com\/#website"},"primaryImageOfPage":{"@id":"https:\/\/www.koupeltech.com\/index.php\/produkt\/cenovy-hit-mexen-s-mars-radiator-topna-tyc-900-x-600-mm-400-w-bila-w110-0900-600-6400-20-9921\/#primaryimage"},"image":{"@id":"https:\/\/www.koupeltech.com\/index.php\/produkt\/cenovy-hit-mexen-s-mars-radiator-topna-tyc-900-x-600-mm-400-w-bila-w110-0900-600-6400-20-9921\/#primaryimage"},"thumbnailUrl":"https:\/\/www.koupeltech.com\/wp-content\/uploads\/2026\/SK0023992-CZ20260425-092556-0-1777080363-1809499-2_mexen-s-mars-radiator-topna-tyc-900-x-600-mm--400.webp","datePublished":"2026-04-27T13:57:16+00:00","breadcrumb":{"@id":"https:\/\/www.koupeltech.com\/index.php\/produkt\/cenovy-hit-mexen-s-mars-radiator-topna-tyc-900-x-600-mm-400-w-bila-w110-0900-600-6400-20-9921\/#breadcrumb"},"inLanguage":"cs","potentialAction":[{"@type":"ReadAction","target":["https:\/\/www.koupeltech.com\/index.php\/produkt\/cenovy-hit-mexen-s-mars-radiator-topna-tyc-900-x-600-mm-400-w-bila-w110-0900-600-6400-20-9921\/"]}]},{"@type":"ImageObject","inLanguage":"cs","@id":"https:\/\/www.koupeltech.com\/index.php\/produkt\/cenovy-hit-mexen-s-mars-radiator-topna-tyc-900-x-600-mm-400-w-bila-w110-0900-600-6400-20-9921\/#primaryimage","url":"https:\/\/www.koupeltech.com\/wp-content\/uploads\/2026\/SK0023992-CZ20260425-092556-0-1777080363-1809499-2_mexen-s-mars-radiator-topna-tyc-900-x-600-mm--400.webp","contentUrl":"https:\/\/www.koupeltech.com\/wp-content\/uploads\/2026\/SK0023992-CZ20260425-092556-0-1777080363-1809499-2_mexen-s-mars-radiator-topna-tyc-900-x-600-mm--400.webp","width":1000,"height":750},{"@type":"BreadcrumbList","@id":"https:\/\/www.koupeltech.com\/index.php\/produkt\/cenovy-hit-mexen-s-mars-radiator-topna-tyc-900-x-600-mm-400-w-bila-w110-0900-600-6400-20-9921\/#breadcrumb","itemListElement":[{"@type":"ListItem","position":1,"name":"Home","item":"https:\/\/www.koupeltech.com\/"},{"@type":"ListItem","position":2,"name":"Products","item":"https:\/\/www.koupeltech.com\/index.php\/products\/"},{"@type":"ListItem","position":3,"name":"Cenov\u00fd Hit MEXEN\/S &#8211; Mars radi\u00e1tor + topn\u00e1 ty\u010d 900 x 600 mm, 400 W, b\u00edl\u00e1 W110-0900-600-6400-20"}]},{"@type":"WebSite","@id":"https:\/\/www.koupeltech.com\/#website","url":"https:\/\/www.koupeltech.com\/","name":"","description":"","potentialAction":[{"@type":"SearchAction","target":{"@type":"EntryPoint","urlTemplate":"https:\/\/www.koupeltech.com\/?s={search_term_string}"},"query-input":{"@type":"PropertyValueSpecification","valueRequired":true,"valueName":"search_term_string"}}],"inLanguage":"cs"}]}},"_links":{"self":[{"href":"https:\/\/www.koupeltech.com\/index.php\/wp-json\/wp\/v2\/product\/9921","targetHints":{"allow":["GET"]}}],"collection":[{"href":"https:\/\/www.koupeltech.com\/index.php\/wp-json\/wp\/v2\/product"}],"about":[{"href":"https:\/\/www.koupeltech.com\/index.php\/wp-json\/wp\/v2\/types\/product"}],"replies":[{"embeddable":true,"href":"https:\/\/www.koupeltech.com\/index.php\/wp-json\/wp\/v2\/comments?post=9921"}],"wp:featuredmedia":[{"embeddable":true,"href":"https:\/\/www.koupeltech.com\/index.php\/wp-json\/wp\/v2\/media\/10021"}],"wp:attachment":[{"href":"https:\/\/www.koupeltech.com\/index.php\/wp-json\/wp\/v2\/media?parent=9921"}],"wp:term":[{"taxonomy":"product_brand","embeddable":true,"href":"https:\/\/www.koupeltech.com\/index.php\/wp-json\/wp\/v2\/product_brand?post=9921"},{"taxonomy":"product_cat","embeddable":true,"href":"https:\/\/www.koupeltech.com\/index.php\/wp-json\/wp\/v2\/product_cat?post=9921"},{"taxonomy":"product_tag","embeddable":true,"href":"https:\/\/www.koupeltech.com\/index.php\/wp-json\/wp\/v2\/product_tag?post=9921"}],"curies":[{"name":"wp","href":"https:\/\/api.w.org\/{rel}","templated":true}]}}