{"id":9944,"date":"2026-04-27T13:57:16","date_gmt":"2026-04-27T13:57:16","guid":{"rendered":""},"modified":"2026-04-27T13:57:16","modified_gmt":"2026-04-27T13:57:16","slug":"akce-omnires-armance-umyvadlova-baterie-podomitkova-med-retro-orb-am5215orb-9944","status":"publish","type":"product","link":"https:\/\/www.koupeltech.com\/index.php\/produkt\/akce-omnires-armance-umyvadlova-baterie-podomitkova-med-retro-orb-am5215orb-9944\/","title":{"rendered":"Akce OMNIRES &#8211; ARMANCE umyvadlov\u00e1 baterie podom\u00edtkov\u00e1 m\u011b\u010f retro \/ORB\/ AM5215ORB"},"content":{"rendered":"<div class=\"basic-description\">\n<h3>Detailn\u00ed popis produktu<\/h3>\n<p>Kolekce OMNIRES ARMANCE je sou\u010dasn\u00e1 forma, kreativn\u011b odkazuj\u00edc\u00ed na tradi\u010dn\u00ed styl. Vyzna\u010duje se dokonale rafinovan\u00fdmi, dekorativn\u00edmi detaily a romantickou estetikou. Baterie je vyrobena z kvalitn\u00ed mosazi a opat\u0159ena nejkvalitn\u011bj\u0161\u00ed keramickou kartu\u0161\u00ed. Inovativn\u00ed technologick\u00e1 \u0159e\u0161en\u00ed umo\u017e\u0148uj\u00ed sn\u00ed\u017eit spot\u0159ebu vody na polovinu a zajistit nejvy\u0161\u0161\u00ed komfort pou\u017e\u00edv\u00e1n\u00ed.<\/p>\n<p>Staro\u017eitn\u00e1 m\u011b\u010f m\u00e1 v\u00fdrazn\u00fd \u010dervenohn\u011bd\u00fd povrch s vintage kart\u00e1\u010dovanou texturou.<\/p>\n<\/p>\n<ul>\n<li>dosah v\u00fdtoku: 18 cm<\/li>\n<li>rozm\u011br rozety: 20,6 x 9,7 cm<\/li>\n<li>minim\u00e1ln\u00ed instala\u010dn\u00ed hloubka: 4 cm<\/li>\n<li>sou\u010d\u00e1st\u00ed je zapu\u0161t\u011bn\u00fd prvek<\/li>\n<\/ul><\/div>\n<div class=\"extended-description\">\n<h3>Dopl\u0148kov\u00e9 parametry<\/h3>\n<table class=\"detail-parameters\">\n<tbody>\n<tr>\n<th>        <span class=\"row-header-label\">            Kategorie<span class=\"row-header-label-colon\">:<\/span>        <\/span>    <\/th>\n<td>            <\/td>\n<\/tr>\n<tr>\n<th>            <span class=\"row-header-label\">                Z\u00e1ruka<span class=\"row-header-label-colon\">:<\/span>            <\/span>        <\/th>\n<td>            24        <\/td>\n<\/tr>\n<tr>\n<th>            <span class=\"row-header-label\">                Hmotnost<span class=\"row-header-label-colon\">:<\/span>            <\/span>        <\/th>\n<td>            2.05 kg        <\/td>\n<\/tr>\n<tr class=\"productEan\">\n<th>          <span class=\"row-header-label productEan__label\">              EAN<span class=\"row-header-label-colon\">:<\/span>          <\/span>      <\/th>\n<td>          <span class=\"productEan__value\">5902539811421<\/span>      <\/td>\n<\/tr>\n<tr>\n<th>                <span class=\"row-header-label\">                                            Dostupnost<span class=\"row-header-label-colon\">:<\/span>                                    <\/span>            <\/th>\n<td>                                                            Dod\u00e1n\u00ed do 14ti dn\u016f                                                <\/td>\n<\/tr>\n<\/tbody>\n<\/table><\/div>\n<\/p><\/div>\n<\/p><\/div>\n","protected":false},"excerpt":{"rendered":"<p>Detailn\u00ed popis produktu Kolekce OMNIRES ARMANCE je sou\u010dasn\u00e1 forma, kreativn\u011b odkazuj\u00edc\u00ed na tradi\u010dn\u00ed styl. Vyzna\u010duje se dokonale rafinovan\u00fdmi, dekorativn\u00edmi detaily a romantickou estetikou. Baterie je vyrobena z kvalitn\u00ed mosazi a opat\u0159ena nejkvalitn\u011bj\u0161\u00ed keramickou kartu\u0161\u00ed. Inovativn\u00ed technologick\u00e1 \u0159e\u0161en\u00ed umo\u017e\u0148uj\u00ed sn\u00ed\u017eit spot\u0159ebu vody na polovinu a zajistit nejvy\u0161\u0161\u00ed komfort pou\u017e\u00edv\u00e1n\u00ed. Staro\u017eitn\u00e1 m\u011b\u010f m\u00e1 v\u00fdrazn\u00fd \u010dervenohn\u011bd\u00fd povrch s [&hellip;]<\/p>\n","protected":false},"featured_media":10044,"comment_status":"open","ping_status":"open","template":"","meta":[],"product_brand":[],"product_cat":[59],"product_tag":[],"class_list":{"0":"post-9944","1":"product","2":"type-product","3":"status-publish","4":"has-post-thumbnail","6":"product_cat-vodovodni-baterie","8":"first","9":"instock","10":"sale","11":"shipping-taxable","12":"purchasable","13":"product-type-simple"},"yoast_head":"<!-- This site is optimized with the Yoast SEO plugin v26.8 - https:\/\/yoast.com\/product\/yoast-seo-wordpress\/ -->\n<title>Akce OMNIRES - ARMANCE umyvadlov\u00e1 baterie podom\u00edtkov\u00e1 m\u011b\u010f retro \/ORB\/ AM5215ORB -<\/title>\n<meta name=\"robots\" content=\"index, follow, max-snippet:-1, max-image-preview:large, max-video-preview:-1\" \/>\n<link rel=\"canonical\" href=\"https:\/\/www.koupeltech.com\/index.php\/produkt\/akce-omnires-armance-umyvadlova-baterie-podomitkova-med-retro-orb-am5215orb-9944\/\" \/>\n<meta property=\"og:locale\" content=\"cs_CZ\" \/>\n<meta property=\"og:type\" content=\"article\" \/>\n<meta property=\"og:title\" content=\"Akce OMNIRES - ARMANCE umyvadlov\u00e1 baterie podom\u00edtkov\u00e1 m\u011b\u010f retro \/ORB\/ AM5215ORB -\" \/>\n<meta property=\"og:description\" content=\"Detailn\u00ed popis produktu Kolekce OMNIRES ARMANCE je sou\u010dasn\u00e1 forma, kreativn\u011b odkazuj\u00edc\u00ed na tradi\u010dn\u00ed styl. Vyzna\u010duje se dokonale rafinovan\u00fdmi, dekorativn\u00edmi detaily a romantickou estetikou. Baterie je vyrobena z kvalitn\u00ed mosazi a opat\u0159ena nejkvalitn\u011bj\u0161\u00ed keramickou kartu\u0161\u00ed. Inovativn\u00ed technologick\u00e1 \u0159e\u0161en\u00ed umo\u017e\u0148uj\u00ed sn\u00ed\u017eit spot\u0159ebu vody na polovinu a zajistit nejvy\u0161\u0161\u00ed komfort pou\u017e\u00edv\u00e1n\u00ed. Staro\u017eitn\u00e1 m\u011b\u010f m\u00e1 v\u00fdrazn\u00fd \u010dervenohn\u011bd\u00fd povrch s [&hellip;]\" \/>\n<meta property=\"og:url\" content=\"https:\/\/www.koupeltech.com\/index.php\/produkt\/akce-omnires-armance-umyvadlova-baterie-podomitkova-med-retro-orb-am5215orb-9944\/\" \/>\n<meta property=\"og:image\" content=\"https:\/\/www.koupeltech.com\/wp-content\/uploads\/2026\/SK0024016-CZ20260425-092556-0-1777080363-1811725_omnires-armance-umyvadlova-baterie-podomitkova-med-.webp\" \/>\n\t<meta property=\"og:image:width\" content=\"1000\" \/>\n\t<meta property=\"og:image:height\" content=\"750\" \/>\n\t<meta property=\"og:image:type\" content=\"image\/webp\" \/>\n<meta name=\"twitter:card\" content=\"summary_large_image\" \/>\n<meta name=\"twitter:label1\" content=\"Odhadovan\u00e1 doba \u010dten\u00ed\" \/>\n\t<meta name=\"twitter:data1\" content=\"1 minuta\" \/>\n<script type=\"application\/ld+json\" class=\"yoast-schema-graph\">{\"@context\":\"https:\/\/schema.org\",\"@graph\":[{\"@type\":\"WebPage\",\"@id\":\"https:\/\/www.koupeltech.com\/index.php\/produkt\/akce-omnires-armance-umyvadlova-baterie-podomitkova-med-retro-orb-am5215orb-9944\/\",\"url\":\"https:\/\/www.koupeltech.com\/index.php\/produkt\/akce-omnires-armance-umyvadlova-baterie-podomitkova-med-retro-orb-am5215orb-9944\/\",\"name\":\"Akce OMNIRES - ARMANCE umyvadlov\u00e1 baterie podom\u00edtkov\u00e1 m\u011b\u010f retro \/ORB\/ AM5215ORB -\",\"isPartOf\":{\"@id\":\"https:\/\/www.koupeltech.com\/#website\"},\"primaryImageOfPage\":{\"@id\":\"https:\/\/www.koupeltech.com\/index.php\/produkt\/akce-omnires-armance-umyvadlova-baterie-podomitkova-med-retro-orb-am5215orb-9944\/#primaryimage\"},\"image\":{\"@id\":\"https:\/\/www.koupeltech.com\/index.php\/produkt\/akce-omnires-armance-umyvadlova-baterie-podomitkova-med-retro-orb-am5215orb-9944\/#primaryimage\"},\"thumbnailUrl\":\"https:\/\/www.koupeltech.com\/wp-content\/uploads\/2026\/SK0024016-CZ20260425-092556-0-1777080363-1811725_omnires-armance-umyvadlova-baterie-podomitkova-med-.webp\",\"datePublished\":\"2026-04-27T13:57:16+00:00\",\"breadcrumb\":{\"@id\":\"https:\/\/www.koupeltech.com\/index.php\/produkt\/akce-omnires-armance-umyvadlova-baterie-podomitkova-med-retro-orb-am5215orb-9944\/#breadcrumb\"},\"inLanguage\":\"cs\",\"potentialAction\":[{\"@type\":\"ReadAction\",\"target\":[\"https:\/\/www.koupeltech.com\/index.php\/produkt\/akce-omnires-armance-umyvadlova-baterie-podomitkova-med-retro-orb-am5215orb-9944\/\"]}]},{\"@type\":\"ImageObject\",\"inLanguage\":\"cs\",\"@id\":\"https:\/\/www.koupeltech.com\/index.php\/produkt\/akce-omnires-armance-umyvadlova-baterie-podomitkova-med-retro-orb-am5215orb-9944\/#primaryimage\",\"url\":\"https:\/\/www.koupeltech.com\/wp-content\/uploads\/2026\/SK0024016-CZ20260425-092556-0-1777080363-1811725_omnires-armance-umyvadlova-baterie-podomitkova-med-.webp\",\"contentUrl\":\"https:\/\/www.koupeltech.com\/wp-content\/uploads\/2026\/SK0024016-CZ20260425-092556-0-1777080363-1811725_omnires-armance-umyvadlova-baterie-podomitkova-med-.webp\",\"width\":1000,\"height\":750},{\"@type\":\"BreadcrumbList\",\"@id\":\"https:\/\/www.koupeltech.com\/index.php\/produkt\/akce-omnires-armance-umyvadlova-baterie-podomitkova-med-retro-orb-am5215orb-9944\/#breadcrumb\",\"itemListElement\":[{\"@type\":\"ListItem\",\"position\":1,\"name\":\"Home\",\"item\":\"https:\/\/www.koupeltech.com\/\"},{\"@type\":\"ListItem\",\"position\":2,\"name\":\"Products\",\"item\":\"https:\/\/www.koupeltech.com\/index.php\/products\/\"},{\"@type\":\"ListItem\",\"position\":3,\"name\":\"Akce OMNIRES &#8211; ARMANCE umyvadlov\u00e1 baterie podom\u00edtkov\u00e1 m\u011b\u010f retro \/ORB\/ AM5215ORB\"}]},{\"@type\":\"WebSite\",\"@id\":\"https:\/\/www.koupeltech.com\/#website\",\"url\":\"https:\/\/www.koupeltech.com\/\",\"name\":\"\",\"description\":\"\",\"potentialAction\":[{\"@type\":\"SearchAction\",\"target\":{\"@type\":\"EntryPoint\",\"urlTemplate\":\"https:\/\/www.koupeltech.com\/?s={search_term_string}\"},\"query-input\":{\"@type\":\"PropertyValueSpecification\",\"valueRequired\":true,\"valueName\":\"search_term_string\"}}],\"inLanguage\":\"cs\"}]}<\/script>\n<!-- \/ Yoast SEO plugin. -->","yoast_head_json":{"title":"Akce OMNIRES - ARMANCE umyvadlov\u00e1 baterie podom\u00edtkov\u00e1 m\u011b\u010f retro \/ORB\/ AM5215ORB -","robots":{"index":"index","follow":"follow","max-snippet":"max-snippet:-1","max-image-preview":"max-image-preview:large","max-video-preview":"max-video-preview:-1"},"canonical":"https:\/\/www.koupeltech.com\/index.php\/produkt\/akce-omnires-armance-umyvadlova-baterie-podomitkova-med-retro-orb-am5215orb-9944\/","og_locale":"cs_CZ","og_type":"article","og_title":"Akce OMNIRES - ARMANCE umyvadlov\u00e1 baterie podom\u00edtkov\u00e1 m\u011b\u010f retro \/ORB\/ AM5215ORB -","og_description":"Detailn\u00ed popis produktu Kolekce OMNIRES ARMANCE je sou\u010dasn\u00e1 forma, kreativn\u011b odkazuj\u00edc\u00ed na tradi\u010dn\u00ed styl. Vyzna\u010duje se dokonale rafinovan\u00fdmi, dekorativn\u00edmi detaily a romantickou estetikou. Baterie je vyrobena z kvalitn\u00ed mosazi a opat\u0159ena nejkvalitn\u011bj\u0161\u00ed keramickou kartu\u0161\u00ed. Inovativn\u00ed technologick\u00e1 \u0159e\u0161en\u00ed umo\u017e\u0148uj\u00ed sn\u00ed\u017eit spot\u0159ebu vody na polovinu a zajistit nejvy\u0161\u0161\u00ed komfort pou\u017e\u00edv\u00e1n\u00ed. Staro\u017eitn\u00e1 m\u011b\u010f m\u00e1 v\u00fdrazn\u00fd \u010dervenohn\u011bd\u00fd povrch s [&hellip;]","og_url":"https:\/\/www.koupeltech.com\/index.php\/produkt\/akce-omnires-armance-umyvadlova-baterie-podomitkova-med-retro-orb-am5215orb-9944\/","og_image":[{"width":1000,"height":750,"url":"https:\/\/www.koupeltech.com\/wp-content\/uploads\/2026\/SK0024016-CZ20260425-092556-0-1777080363-1811725_omnires-armance-umyvadlova-baterie-podomitkova-med-.webp","type":"image\/webp"}],"twitter_card":"summary_large_image","twitter_misc":{"Odhadovan\u00e1 doba \u010dten\u00ed":"1 minuta"},"schema":{"@context":"https:\/\/schema.org","@graph":[{"@type":"WebPage","@id":"https:\/\/www.koupeltech.com\/index.php\/produkt\/akce-omnires-armance-umyvadlova-baterie-podomitkova-med-retro-orb-am5215orb-9944\/","url":"https:\/\/www.koupeltech.com\/index.php\/produkt\/akce-omnires-armance-umyvadlova-baterie-podomitkova-med-retro-orb-am5215orb-9944\/","name":"Akce OMNIRES - ARMANCE umyvadlov\u00e1 baterie podom\u00edtkov\u00e1 m\u011b\u010f retro \/ORB\/ AM5215ORB -","isPartOf":{"@id":"https:\/\/www.koupeltech.com\/#website"},"primaryImageOfPage":{"@id":"https:\/\/www.koupeltech.com\/index.php\/produkt\/akce-omnires-armance-umyvadlova-baterie-podomitkova-med-retro-orb-am5215orb-9944\/#primaryimage"},"image":{"@id":"https:\/\/www.koupeltech.com\/index.php\/produkt\/akce-omnires-armance-umyvadlova-baterie-podomitkova-med-retro-orb-am5215orb-9944\/#primaryimage"},"thumbnailUrl":"https:\/\/www.koupeltech.com\/wp-content\/uploads\/2026\/SK0024016-CZ20260425-092556-0-1777080363-1811725_omnires-armance-umyvadlova-baterie-podomitkova-med-.webp","datePublished":"2026-04-27T13:57:16+00:00","breadcrumb":{"@id":"https:\/\/www.koupeltech.com\/index.php\/produkt\/akce-omnires-armance-umyvadlova-baterie-podomitkova-med-retro-orb-am5215orb-9944\/#breadcrumb"},"inLanguage":"cs","potentialAction":[{"@type":"ReadAction","target":["https:\/\/www.koupeltech.com\/index.php\/produkt\/akce-omnires-armance-umyvadlova-baterie-podomitkova-med-retro-orb-am5215orb-9944\/"]}]},{"@type":"ImageObject","inLanguage":"cs","@id":"https:\/\/www.koupeltech.com\/index.php\/produkt\/akce-omnires-armance-umyvadlova-baterie-podomitkova-med-retro-orb-am5215orb-9944\/#primaryimage","url":"https:\/\/www.koupeltech.com\/wp-content\/uploads\/2026\/SK0024016-CZ20260425-092556-0-1777080363-1811725_omnires-armance-umyvadlova-baterie-podomitkova-med-.webp","contentUrl":"https:\/\/www.koupeltech.com\/wp-content\/uploads\/2026\/SK0024016-CZ20260425-092556-0-1777080363-1811725_omnires-armance-umyvadlova-baterie-podomitkova-med-.webp","width":1000,"height":750},{"@type":"BreadcrumbList","@id":"https:\/\/www.koupeltech.com\/index.php\/produkt\/akce-omnires-armance-umyvadlova-baterie-podomitkova-med-retro-orb-am5215orb-9944\/#breadcrumb","itemListElement":[{"@type":"ListItem","position":1,"name":"Home","item":"https:\/\/www.koupeltech.com\/"},{"@type":"ListItem","position":2,"name":"Products","item":"https:\/\/www.koupeltech.com\/index.php\/products\/"},{"@type":"ListItem","position":3,"name":"Akce OMNIRES &#8211; ARMANCE umyvadlov\u00e1 baterie podom\u00edtkov\u00e1 m\u011b\u010f retro \/ORB\/ AM5215ORB"}]},{"@type":"WebSite","@id":"https:\/\/www.koupeltech.com\/#website","url":"https:\/\/www.koupeltech.com\/","name":"","description":"","potentialAction":[{"@type":"SearchAction","target":{"@type":"EntryPoint","urlTemplate":"https:\/\/www.koupeltech.com\/?s={search_term_string}"},"query-input":{"@type":"PropertyValueSpecification","valueRequired":true,"valueName":"search_term_string"}}],"inLanguage":"cs"}]}},"_links":{"self":[{"href":"https:\/\/www.koupeltech.com\/index.php\/wp-json\/wp\/v2\/product\/9944","targetHints":{"allow":["GET"]}}],"collection":[{"href":"https:\/\/www.koupeltech.com\/index.php\/wp-json\/wp\/v2\/product"}],"about":[{"href":"https:\/\/www.koupeltech.com\/index.php\/wp-json\/wp\/v2\/types\/product"}],"replies":[{"embeddable":true,"href":"https:\/\/www.koupeltech.com\/index.php\/wp-json\/wp\/v2\/comments?post=9944"}],"wp:featuredmedia":[{"embeddable":true,"href":"https:\/\/www.koupeltech.com\/index.php\/wp-json\/wp\/v2\/media\/10044"}],"wp:attachment":[{"href":"https:\/\/www.koupeltech.com\/index.php\/wp-json\/wp\/v2\/media?parent=9944"}],"wp:term":[{"taxonomy":"product_brand","embeddable":true,"href":"https:\/\/www.koupeltech.com\/index.php\/wp-json\/wp\/v2\/product_brand?post=9944"},{"taxonomy":"product_cat","embeddable":true,"href":"https:\/\/www.koupeltech.com\/index.php\/wp-json\/wp\/v2\/product_cat?post=9944"},{"taxonomy":"product_tag","embeddable":true,"href":"https:\/\/www.koupeltech.com\/index.php\/wp-json\/wp\/v2\/product_tag?post=9944"}],"curies":[{"name":"wp","href":"https:\/\/api.w.org\/{rel}","templated":true}]}}